{"id":2,"date":"2024-06-13T18:13:21","date_gmt":"2024-06-13T18:13:21","guid":{"rendered":"https:\/\/vhgnew.vps.simplesolution.dk\/vhg-petanque\/?page_id=2"},"modified":"2025-08-13T12:14:08","modified_gmt":"2025-08-13T12:14:08","slug":"vhg-petanque","status":"publish","type":"page","link":"https:\/\/v-h-g.dk\/vhg-petanque\/","title":{"rendered":"VHG PETANQUE"},"content":{"rendered":"\t\t<div data-elementor-type=\"wp-page\" data-elementor-id=\"2\" class=\"elementor elementor-2\" data-elementor-post-type=\"page\">\n\t\t\t\t<div class=\"elementor-element elementor-element-f5274b6 e-flex e-con-boxed e-con e-parent\" data-id=\"f5274b6\" data-element_type=\"container\" data-e-type=\"container\" data-settings=\"{&quot;background_background&quot;:&quot;classic&quot;}\">\n\t\t\t\t\t<div class=\"e-con-inner\">\n\t\t\t\t<div class=\"elementor-element elementor-element-9d2a001 elementor-widget elementor-widget-image\" data-id=\"9d2a001\" data-element_type=\"widget\" data-e-type=\"widget\" data-widget_type=\"image.default\">\n\t\t\t\t<div class=\"elementor-widget-container\">\n\t\t\t\t\t\t\t\t\t\t\t\t\t\t\t<img decoding=\"async\" width=\"165\" height=\"150\" src=\"https:\/\/v-h-g.dk\/vhg-petanque\/wp-content\/uploads\/sites\/9\/2024\/06\/indgang-icon-07.png\" class=\"attachment-full size-full wp-image-34\" alt=\"\" \/>\t\t\t\t\t\t\t\t\t\t\t\t\t\t\t<\/div>\n\t\t\t\t<\/div>\n\t\t\t\t\t<\/div>\n\t\t\t\t<\/div>\n\t\t<div class=\"elementor-element elementor-element-0de62c6 e-flex e-con-boxed e-con e-parent\" data-id=\"0de62c6\" data-element_type=\"container\" data-e-type=\"container\" data-settings=\"{&quot;background_background&quot;:&quot;classic&quot;}\">\n\t\t\t\t\t<div class=\"e-con-inner\">\n\t\t\t\t<div class=\"elementor-element elementor-element-7941a3a elementor-widget elementor-widget-heading\" data-id=\"7941a3a\" data-element_type=\"widget\" data-e-type=\"widget\" data-widget_type=\"heading.default\">\n\t\t\t\t<div class=\"elementor-widget-container\">\n\t\t\t\t\t<p class=\"elementor-heading-title elementor-size-default\"><a href=\"https:\/\/v-h-g.dk\/vhg-petanque\"> FORSIDE<\/a><\/p>\t\t\t\t<\/div>\n\t\t\t\t<\/div>\n\t\t\t\t<div class=\"elementor-element elementor-element-da838b5 elementor-widget elementor-widget-image\" data-id=\"da838b5\" data-element_type=\"widget\" data-e-type=\"widget\" data-widget_type=\"image.default\">\n\t\t\t\t<div class=\"elementor-widget-container\">\n\t\t\t\t\t\t\t\t\t\t\t\t\t\t\t<img decoding=\"async\" width=\"9\" height=\"9\" src=\"https:\/\/v-h-g.dk\/vhg-petanque\/wp-content\/uploads\/sites\/9\/2024\/06\/arrow.png\" class=\"attachment-large size-large wp-image-36\" alt=\"\" \/>\t\t\t\t\t\t\t\t\t\t\t\t\t\t\t<\/div>\n\t\t\t\t<\/div>\n\t\t\t\t<div class=\"elementor-element elementor-element-ecf2cc9 elementor-widget elementor-widget-heading\" data-id=\"ecf2cc9\" data-element_type=\"widget\" data-e-type=\"widget\" data-widget_type=\"heading.default\">\n\t\t\t\t<div class=\"elementor-widget-container\">\n\t\t\t\t\t<p class=\"elementor-heading-title elementor-size-default\">VHG PETANQUE<\/p>\t\t\t\t<\/div>\n\t\t\t\t<\/div>\n\t\t\t\t\t<\/div>\n\t\t\t\t<\/div>\n\t\t<div class=\"elementor-element elementor-element-45b0256 e-flex e-con-boxed e-con e-parent\" data-id=\"45b0256\" data-element_type=\"container\" data-e-type=\"container\">\n\t\t\t\t\t<div class=\"e-con-inner\">\n\t\t<div class=\"elementor-element elementor-element-8b2861a e-con-full e-flex e-con e-child\" data-id=\"8b2861a\" data-element_type=\"container\" data-e-type=\"container\" data-settings=\"{&quot;background_background&quot;:&quot;classic&quot;}\">\n\t\t\t\t<div class=\"elementor-element elementor-element-e8997e4 elementor-widget elementor-widget-heading\" data-id=\"e8997e4\" data-element_type=\"widget\" data-e-type=\"widget\" data-widget_type=\"heading.default\">\n\t\t\t\t<div class=\"elementor-widget-container\">\n\t\t\t\t\t<h1 class=\"elementor-heading-title elementor-size-default\">VELKOMMEN TIL VHG PETANQUE\n<\/h1>\t\t\t\t<\/div>\n\t\t\t\t<\/div>\n\t\t\t\t<div class=\"elementor-element elementor-element-2d7fc89 elementor-widget elementor-widget-heading\" data-id=\"2d7fc89\" data-element_type=\"widget\" data-e-type=\"widget\" data-widget_type=\"heading.default\">\n\t\t\t\t<div class=\"elementor-widget-container\">\n\t\t\t\t\t<h1 class=\"elementor-heading-title elementor-size-default\">S\u00c6SON 2025\/2026\n<\/h1>\t\t\t\t<\/div>\n\t\t\t\t<\/div>\n\t\t\t\t<div class=\"elementor-element elementor-element-d712dc2 elementor-widget elementor-widget-text-editor\" data-id=\"d712dc2\" data-element_type=\"widget\" data-e-type=\"widget\" data-widget_type=\"text-editor.default\">\n\t\t\t\t<div class=\"elementor-widget-container\">\n\t\t\t\t\t\t\t\t\t<h3 class=\"visible-first visible\">TR\u00c6NINGSTID:<\/h3><p>Vi tr\u00e6ner hver onsdag fra klokken 14.00 til ??.?? &#8211; og hver s\u00f8ndag fra kl. 10.00-12.00<\/p><p>Vi m\u00f8des ved vores baner\u00a0ved Vallekilde-H\u00f8rve Kultur &amp; Idr\u00e6tscenter.<\/p><p><strong>M\u00d8D OP\u00a0&#8211; VI HAR KUGLER OG BANER\u00a0&#8211; DET ER DIG, VI MANGLER!<\/strong><\/p><h3 class=\"visible-first visible\">PETANQUE I\u00a0DGI<\/h3><p>Vi er medlem af DGI, s\u00e5 vi kan spille med i turnering, deltage i st\u00e6vner m. m.<\/p><p>L\u00e6s mere\u00a0<a title=\"\" href=\"http:\/\/www.dgi.dk\/petanque\/petanque\" target=\"_blank\" rel=\"noopener\">her<\/a><\/p>\t\t\t\t\t\t\t\t<\/div>\n\t\t\t\t<\/div>\n\t\t\t\t<\/div>\n\t\t<div class=\"elementor-element elementor-element-cf3a726 e-con-full e-flex e-con e-child\" data-id=\"cf3a726\" data-element_type=\"container\" data-e-type=\"container\" data-settings=\"{&quot;background_background&quot;:&quot;classic&quot;}\">\n\t\t\t\t<div class=\"elementor-element elementor-element-ff2be5c elementor-widget elementor-widget-heading\" data-id=\"ff2be5c\" data-element_type=\"widget\" data-e-type=\"widget\" data-widget_type=\"heading.default\">\n\t\t\t\t<div class=\"elementor-widget-container\">\n\t\t\t\t\t<h1 class=\"elementor-heading-title elementor-size-default\">PETANQUE<\/h1>\t\t\t\t<\/div>\n\t\t\t\t<\/div>\n\t\t\t\t<div class=\"elementor-element elementor-element-ea284bb elementor-widget elementor-widget-shortcode\" data-id=\"ea284bb\" data-element_type=\"widget\" data-e-type=\"widget\" data-widget_type=\"shortcode.default\">\n\t\t\t\t<div class=\"elementor-widget-container\">\n\t\t\t\t\t\t\t<div class=\"elementor-shortcode\">\t\t<div data-elementor-type=\"section\" data-elementor-id=\"16\" class=\"elementor elementor-16\" data-elementor-post-type=\"elementor_library\">\n\t\t\t<div class=\"elementor-element elementor-element-21605840 elementor-hidden-desktop elementor-hidden-tablet elementor-hidden-mobile e-flex e-con-boxed e-con e-parent\" data-id=\"21605840\" data-element_type=\"container\" data-e-type=\"container\">\n\t\t\t\t\t<div class=\"e-con-inner\">\n\t\t\t\t<div class=\"elementor-element elementor-element-7e5a3c5f elementor-icon-list--layout-traditional elementor-list-item-link-full_width elementor-widget elementor-widget-icon-list\" data-id=\"7e5a3c5f\" data-element_type=\"widget\" data-e-type=\"widget\" data-widget_type=\"icon-list.default\">\n\t\t\t\t<div class=\"elementor-widget-container\">\n\t\t\t\t\t\t\t<ul class=\"elementor-icon-list-items\">\n\t\t\t\t\t\t\t<li class=\"elementor-icon-list-item\">\n\t\t\t\t\t\t\t\t\t\t\t<a href=\"\/vhg-petanque\/\">\n\n\t\t\t\t\t\t\t\t\t\t\t\t<span class=\"elementor-icon-list-icon\">\n\t\t\t\t\t\t\t<svg xmlns=\"http:\/\/www.w3.org\/2000\/svg\" xmlns:xlink=\"http:\/\/www.w3.org\/1999\/xlink\" id=\"Layer_1\" x=\"0px\" y=\"0px\" viewBox=\"0 0 23.8 18.7\" style=\"enable-background:new 0 0 23.8 18.7;\" xml:space=\"preserve\"><style type=\"text\/css\">\t.st0{fill:none;stroke:#0054A1;stroke-width:2;stroke-miterlimit:10;}<\/style><line class=\"st0\" x1=\"22\" y1=\"9.2\" x2=\"0\" y2=\"9.2\"><\/line><polyline class=\"st0\" points=\"14,0.7 22.5,9.2 14,17.7 \"><\/polyline><\/svg>\t\t\t\t\t\t<\/span>\n\t\t\t\t\t\t\t\t\t\t<span class=\"elementor-icon-list-text\">VELKOMMEN<\/span>\n\t\t\t\t\t\t\t\t\t\t\t<\/a>\n\t\t\t\t\t\t\t\t\t<\/li>\n\t\t\t\t\t\t\t\t<li class=\"elementor-icon-list-item\">\n\t\t\t\t\t\t\t\t\t\t\t<a href=\"\/vhg-petanque\/aktuelt\/\">\n\n\t\t\t\t\t\t\t\t\t\t\t\t<span class=\"elementor-icon-list-icon\">\n\t\t\t\t\t\t\t<svg xmlns=\"http:\/\/www.w3.org\/2000\/svg\" xmlns:xlink=\"http:\/\/www.w3.org\/1999\/xlink\" id=\"Layer_1\" x=\"0px\" y=\"0px\" viewBox=\"0 0 23.8 18.7\" style=\"enable-background:new 0 0 23.8 18.7;\" xml:space=\"preserve\"><style type=\"text\/css\">\t.st0{fill:none;stroke:#0054A1;stroke-width:2;stroke-miterlimit:10;}<\/style><line class=\"st0\" x1=\"22\" y1=\"9.2\" x2=\"0\" y2=\"9.2\"><\/line><polyline class=\"st0\" points=\"14,0.7 22.5,9.2 14,17.7 \"><\/polyline><\/svg>\t\t\t\t\t\t<\/span>\n\t\t\t\t\t\t\t\t\t\t<span class=\"elementor-icon-list-text\">AKTUELT<\/span>\n\t\t\t\t\t\t\t\t\t\t\t<\/a>\n\t\t\t\t\t\t\t\t\t<\/li>\n\t\t\t\t\t\t\t\t<li class=\"elementor-icon-list-item\">\n\t\t\t\t\t\t\t\t\t\t\t<a href=\"\/vhg-petanque\/bestyrelse\/\">\n\n\t\t\t\t\t\t\t\t\t\t\t\t<span class=\"elementor-icon-list-icon\">\n\t\t\t\t\t\t\t<svg xmlns=\"http:\/\/www.w3.org\/2000\/svg\" xmlns:xlink=\"http:\/\/www.w3.org\/1999\/xlink\" id=\"Layer_1\" x=\"0px\" y=\"0px\" viewBox=\"0 0 23.8 18.7\" style=\"enable-background:new 0 0 23.8 18.7;\" xml:space=\"preserve\"><style type=\"text\/css\">\t.st0{fill:none;stroke:#0054A1;stroke-width:2;stroke-miterlimit:10;}<\/style><line class=\"st0\" x1=\"22\" y1=\"9.2\" x2=\"0\" y2=\"9.2\"><\/line><polyline class=\"st0\" points=\"14,0.7 22.5,9.2 14,17.7 \"><\/polyline><\/svg>\t\t\t\t\t\t<\/span>\n\t\t\t\t\t\t\t\t\t\t<span class=\"elementor-icon-list-text\">BESTYRELSE<\/span>\n\t\t\t\t\t\t\t\t\t\t\t<\/a>\n\t\t\t\t\t\t\t\t\t<\/li>\n\t\t\t\t\t\t\t\t<li class=\"elementor-icon-list-item\">\n\t\t\t\t\t\t\t\t\t\t\t<a href=\"\/vhg-petanque\/kontingent\/\">\n\n\t\t\t\t\t\t\t\t\t\t\t\t<span class=\"elementor-icon-list-icon\">\n\t\t\t\t\t\t\t<svg xmlns=\"http:\/\/www.w3.org\/2000\/svg\" xmlns:xlink=\"http:\/\/www.w3.org\/1999\/xlink\" id=\"Layer_1\" x=\"0px\" y=\"0px\" viewBox=\"0 0 23.8 18.7\" style=\"enable-background:new 0 0 23.8 18.7;\" xml:space=\"preserve\"><style type=\"text\/css\">\t.st0{fill:none;stroke:#0054A1;stroke-width:2;stroke-miterlimit:10;}<\/style><line class=\"st0\" x1=\"22\" y1=\"9.2\" x2=\"0\" y2=\"9.2\"><\/line><polyline class=\"st0\" points=\"14,0.7 22.5,9.2 14,17.7 \"><\/polyline><\/svg>\t\t\t\t\t\t<\/span>\n\t\t\t\t\t\t\t\t\t\t<span class=\"elementor-icon-list-text\">KONTINGENT<\/span>\n\t\t\t\t\t\t\t\t\t\t\t<\/a>\n\t\t\t\t\t\t\t\t\t<\/li>\n\t\t\t\t\t\t\t\t<li class=\"elementor-icon-list-item\">\n\t\t\t\t\t\t\t\t\t\t\t<a href=\"\/vhg-petanque\/kontakt\/\">\n\n\t\t\t\t\t\t\t\t\t\t\t\t<span class=\"elementor-icon-list-icon\">\n\t\t\t\t\t\t\t<svg xmlns=\"http:\/\/www.w3.org\/2000\/svg\" xmlns:xlink=\"http:\/\/www.w3.org\/1999\/xlink\" id=\"Layer_1\" x=\"0px\" y=\"0px\" viewBox=\"0 0 23.8 18.7\" style=\"enable-background:new 0 0 23.8 18.7;\" xml:space=\"preserve\"><style type=\"text\/css\">\t.st0{fill:none;stroke:#0054A1;stroke-width:2;stroke-miterlimit:10;}<\/style><line class=\"st0\" x1=\"22\" y1=\"9.2\" x2=\"0\" y2=\"9.2\"><\/line><polyline class=\"st0\" points=\"14,0.7 22.5,9.2 14,17.7 \"><\/polyline><\/svg>\t\t\t\t\t\t<\/span>\n\t\t\t\t\t\t\t\t\t\t<span class=\"elementor-icon-list-text\">KONTAKT PETANQUE<\/span>\n\t\t\t\t\t\t\t\t\t\t\t<\/a>\n\t\t\t\t\t\t\t\t\t<\/li>\n\t\t\t\t\t\t<\/ul>\n\t\t\t\t\t\t<\/div>\n\t\t\t\t<\/div>\n\t\t\t\t\t<\/div>\n\t\t\t\t<\/div>\n\t\t<div class=\"elementor-element elementor-element-709e283 e-flex e-con-boxed e-con e-parent\" data-id=\"709e283\" data-element_type=\"container\" data-e-type=\"container\">\n\t\t\t\t\t<div class=\"e-con-inner\">\n\t\t\t\t<div class=\"elementor-element elementor-element-d059e23 elementor-nav-menu--dropdown-none sidebar-menu elementor-widget elementor-widget-nav-menu\" data-id=\"d059e23\" data-element_type=\"widget\" data-e-type=\"widget\" data-settings=\"{&quot;layout&quot;:&quot;vertical&quot;,&quot;submenu_icon&quot;:{&quot;value&quot;:&quot;&lt;svg aria-hidden=\\&quot;true\\&quot; class=\\&quot;e-font-icon-svg e-fas-caret-down\\&quot; viewBox=\\&quot;0 0 320 512\\&quot; xmlns=\\&quot;http:\\\/\\\/www.w3.org\\\/2000\\\/svg\\&quot;&gt;&lt;path d=\\&quot;M31.3 192h257.3c17.8 0 26.7 21.5 14.1 34.1L174.1 354.8c-7.8 7.8-20.5 7.8-28.3 0L17.2 226.1C4.6 213.5 13.5 192 31.3 192z\\&quot;&gt;&lt;\\\/path&gt;&lt;\\\/svg&gt;&quot;,&quot;library&quot;:&quot;fa-solid&quot;}}\" data-widget_type=\"nav-menu.default\">\n\t\t\t\t<div class=\"elementor-widget-container\">\n\t\t\t\t\t\t\t\t<nav aria-label=\"Menu\" class=\"elementor-nav-menu--main elementor-nav-menu__container elementor-nav-menu--layout-vertical e--pointer-none\">\n\t\t\t\t<ul id=\"menu-1-d059e23\" class=\"elementor-nav-menu sm-vertical\"><li class=\"menu-item menu-item-type-post_type menu-item-object-page menu-item-home menu-item-98\"><a href=\"https:\/\/v-h-g.dk\/vhg-petanque\/\" class=\"elementor-item\">VELKOMMEN<\/a><\/li>\n<li class=\"menu-item menu-item-type-post_type menu-item-object-page menu-item-100\"><a href=\"https:\/\/v-h-g.dk\/vhg-petanque\/bestyrelse\/\" class=\"elementor-item\">PETANQUE-UDVALGET<\/a><\/li>\n<li class=\"menu-item menu-item-type-post_type menu-item-object-page menu-item-101\"><a href=\"https:\/\/v-h-g.dk\/vhg-petanque\/kontingent\/\" class=\"elementor-item\">KONTINGENT<\/a><\/li>\n<li class=\"menu-item menu-item-type-post_type menu-item-object-page menu-item-102\"><a href=\"https:\/\/v-h-g.dk\/vhg-petanque\/kontakt\/\" class=\"elementor-item\">KONTAKT PETANQUE<\/a><\/li>\n<\/ul>\t\t\t<\/nav>\n\t\t\t\t\t\t<nav class=\"elementor-nav-menu--dropdown elementor-nav-menu__container\" aria-hidden=\"true\">\n\t\t\t\t<ul id=\"menu-2-d059e23\" class=\"elementor-nav-menu sm-vertical\"><li class=\"menu-item menu-item-type-post_type menu-item-object-page menu-item-home menu-item-98\"><a href=\"https:\/\/v-h-g.dk\/vhg-petanque\/\" class=\"elementor-item\" tabindex=\"-1\">VELKOMMEN<\/a><\/li>\n<li class=\"menu-item menu-item-type-post_type menu-item-object-page menu-item-100\"><a href=\"https:\/\/v-h-g.dk\/vhg-petanque\/bestyrelse\/\" class=\"elementor-item\" tabindex=\"-1\">PETANQUE-UDVALGET<\/a><\/li>\n<li class=\"menu-item menu-item-type-post_type menu-item-object-page menu-item-101\"><a href=\"https:\/\/v-h-g.dk\/vhg-petanque\/kontingent\/\" class=\"elementor-item\" tabindex=\"-1\">KONTINGENT<\/a><\/li>\n<li class=\"menu-item menu-item-type-post_type menu-item-object-page menu-item-102\"><a href=\"https:\/\/v-h-g.dk\/vhg-petanque\/kontakt\/\" class=\"elementor-item\" tabindex=\"-1\">KONTAKT PETANQUE<\/a><\/li>\n<\/ul>\t\t\t<\/nav>\n\t\t\t\t\t\t<\/div>\n\t\t\t\t<\/div>\n\t\t\t\t\t<\/div>\n\t\t\t\t<\/div>\n\t\t\t\t<\/div>\n\t\t<\/div>\n\t\t\t\t\t\t<\/div>\n\t\t\t\t<\/div>\n\t\t\t\t<\/div>\n\t\t\t\t\t<\/div>\n\t\t\t\t<\/div>\n\t\t<div class=\"elementor-element elementor-element-923482a e-flex e-con-boxed e-con e-parent\" data-id=\"923482a\" data-element_type=\"container\" data-e-type=\"container\">\n\t\t\t\t\t<div class=\"e-con-inner\">\n\t\t<a class=\"elementor-element elementor-element-1d869b4 e-con-full e-flex e-con e-child\" data-id=\"1d869b4\" data-element_type=\"container\" data-e-type=\"container\" data-settings=\"{&quot;background_background&quot;:&quot;classic&quot;}\" href=\"\/vhg-petanque\/kontakt\/\">\n\t\t\t\t<div class=\"elementor-element elementor-element-6fa92dc elementor-widget elementor-widget-heading\" data-id=\"6fa92dc\" data-element_type=\"widget\" data-e-type=\"widget\" data-widget_type=\"heading.default\">\n\t\t\t\t<div class=\"elementor-widget-container\">\n\t\t\t\t\t<h3 class=\"elementor-heading-title elementor-size-default\">Vil du gerne spille petanque i VHG?<\/h3>\t\t\t\t<\/div>\n\t\t\t\t<\/div>\n\t\t\t\t<div class=\"elementor-element elementor-element-ad2123b elementor-widget elementor-widget-heading\" data-id=\"ad2123b\" data-element_type=\"widget\" data-e-type=\"widget\" data-widget_type=\"heading.default\">\n\t\t\t\t<div class=\"elementor-widget-container\">\n\t\t\t\t\t<h3 class=\"elementor-heading-title elementor-size-default\">Kontakt os her<\/h3>\t\t\t\t<\/div>\n\t\t\t\t<\/div>\n\t\t\t\t<\/a>\n\t\t<a class=\"elementor-element elementor-element-be97d0f e-con-full e-flex e-con e-child\" data-id=\"be97d0f\" data-element_type=\"container\" data-e-type=\"container\" data-settings=\"{&quot;background_background&quot;:&quot;classic&quot;}\" href=\"https:\/\/v-h-g.dk\/vhg-petanque\" target=\"_blank\">\n\t\t\t\t<div class=\"elementor-element elementor-element-f3e5ffc elementor-widget elementor-widget-heading\" data-id=\"f3e5ffc\" data-element_type=\"widget\" data-e-type=\"widget\" data-widget_type=\"heading.default\">\n\t\t\t\t<div class=\"elementor-widget-container\">\n\t\t\t\t\t<h3 class=\"elementor-heading-title elementor-size-default\">Kom og v\u00e6r med<\/h3>\t\t\t\t<\/div>\n\t\t\t\t<\/div>\n\t\t\t\t<div class=\"elementor-element elementor-element-8ecb638 elementor-widget elementor-widget-heading\" data-id=\"8ecb638\" data-element_type=\"widget\" data-e-type=\"widget\" data-widget_type=\"heading.default\">\n\t\t\t\t<div class=\"elementor-widget-container\">\n\t\t\t\t\t<h3 class=\"elementor-heading-title elementor-size-default\">Vi tr\u00e6ner 2 gange om ugen<\/h3>\t\t\t\t<\/div>\n\t\t\t\t<\/div>\n\t\t\t\t<\/a>\n\t\t<div class=\"elementor-element elementor-element-fe089d0 e-con-full e-flex e-con e-child\" data-id=\"fe089d0\" data-element_type=\"container\" data-e-type=\"container\">\n\t\t\t\t<\/div>\n\t\t\t\t\t<\/div>\n\t\t\t\t<\/div>\n\t\t\t\t<\/div>\n\t\t","protected":false},"excerpt":{"rendered":"<p>FORSIDE VHG PETANQUE VELKOMMEN TIL VHG PETANQUE S\u00c6SON 2025\/2026 TR\u00c6NINGSTID: Vi tr\u00e6ner hver onsdag fra klokken 14.00 til ??.?? &#8211; og hver s\u00f8ndag fra kl. 10.00-12.00 Vi m\u00f8des ved vores baner\u00a0ved Vallekilde-H\u00f8rve Kultur &amp; Idr\u00e6tscenter. M\u00d8D OP\u00a0&#8211; VI HAR KUGLER OG BANER\u00a0&#8211; DET ER DIG, VI MANGLER! PETANQUE I\u00a0DGI Vi er medlem af DGI, s\u00e5 [&hellip;]<\/p>\n","protected":false},"author":1,"featured_media":0,"parent":0,"menu_order":0,"comment_status":"closed","ping_status":"closed","template":"","meta":{"_acf_changed":false,"inline_featured_image":false,"footnotes":""},"class_list":["post-2","page","type-page","status-publish","hentry"],"acf":[],"yoast_head":"<!-- This site is optimized with the Yoast SEO plugin v27.4 - https:\/\/yoast.com\/product\/yoast-seo-wordpress\/ -->\n<title>VHG PETANQUE - VHG Petanque<\/title>\n<meta name=\"robots\" content=\"index, follow, max-snippet:-1, max-image-preview:large, max-video-preview:-1\" \/>\n<link rel=\"canonical\" href=\"https:\/\/v-h-g.dk\/vhg-petanque\/\" \/>\n<meta property=\"og:locale\" content=\"da_DK\" \/>\n<meta property=\"og:type\" content=\"article\" \/>\n<meta property=\"og:title\" content=\"VHG PETANQUE - VHG Petanque\" \/>\n<meta property=\"og:description\" content=\"FORSIDE VHG PETANQUE VELKOMMEN TIL VHG PETANQUE S\u00c6SON 2025\/2026 TR\u00c6NINGSTID: Vi tr\u00e6ner hver onsdag fra klokken 14.00 til ??.?? &#8211; og hver s\u00f8ndag fra kl. 10.00-12.00 Vi m\u00f8des ved vores baner\u00a0ved Vallekilde-H\u00f8rve Kultur &amp; Idr\u00e6tscenter. M\u00d8D OP\u00a0&#8211; VI HAR KUGLER OG BANER\u00a0&#8211; DET ER DIG, VI MANGLER! PETANQUE I\u00a0DGI Vi er medlem af DGI, s\u00e5 [&hellip;]\" \/>\n<meta property=\"og:url\" content=\"https:\/\/v-h-g.dk\/vhg-petanque\/\" \/>\n<meta property=\"og:site_name\" content=\"VHG Petanque\" \/>\n<meta property=\"article:modified_time\" content=\"2025-08-13T12:14:08+00:00\" \/>\n<meta property=\"og:image\" content=\"https:\/\/v-h-g.dk\/vhg-petanque\/wp-content\/uploads\/sites\/9\/2024\/06\/indgang-icon-07.png\" \/>\n<meta name=\"twitter:card\" content=\"summary_large_image\" \/>\n<meta name=\"twitter:label1\" content=\"Estimeret l\u00e6setid\" \/>\n\t<meta name=\"twitter:data1\" content=\"1 minut\" \/>\n<script type=\"application\/ld+json\" class=\"yoast-schema-graph\">{\"@context\":\"https:\\\/\\\/schema.org\",\"@graph\":[{\"@type\":\"WebPage\",\"@id\":\"https:\\\/\\\/v-h-g.dk\\\/vhg-petanque\\\/\",\"url\":\"https:\\\/\\\/v-h-g.dk\\\/vhg-petanque\\\/\",\"name\":\"VHG PETANQUE - VHG Petanque\",\"isPartOf\":{\"@id\":\"https:\\\/\\\/v-h-g.dk\\\/vhg-petanque\\\/#website\"},\"primaryImageOfPage\":{\"@id\":\"https:\\\/\\\/v-h-g.dk\\\/vhg-petanque\\\/#primaryimage\"},\"image\":{\"@id\":\"https:\\\/\\\/v-h-g.dk\\\/vhg-petanque\\\/#primaryimage\"},\"thumbnailUrl\":\"https:\\\/\\\/v-h-g.dk\\\/vhg-petanque\\\/wp-content\\\/uploads\\\/sites\\\/9\\\/2024\\\/06\\\/indgang-icon-07.png\",\"datePublished\":\"2024-06-13T18:13:21+00:00\",\"dateModified\":\"2025-08-13T12:14:08+00:00\",\"breadcrumb\":{\"@id\":\"https:\\\/\\\/v-h-g.dk\\\/vhg-petanque\\\/#breadcrumb\"},\"inLanguage\":\"da-DK\",\"potentialAction\":[{\"@type\":\"ReadAction\",\"target\":[\"https:\\\/\\\/v-h-g.dk\\\/vhg-petanque\\\/\"]}]},{\"@type\":\"ImageObject\",\"inLanguage\":\"da-DK\",\"@id\":\"https:\\\/\\\/v-h-g.dk\\\/vhg-petanque\\\/#primaryimage\",\"url\":\"https:\\\/\\\/v-h-g.dk\\\/vhg-petanque\\\/wp-content\\\/uploads\\\/sites\\\/9\\\/2024\\\/06\\\/indgang-icon-07.png\",\"contentUrl\":\"https:\\\/\\\/v-h-g.dk\\\/vhg-petanque\\\/wp-content\\\/uploads\\\/sites\\\/9\\\/2024\\\/06\\\/indgang-icon-07.png\",\"width\":165,\"height\":150},{\"@type\":\"BreadcrumbList\",\"@id\":\"https:\\\/\\\/v-h-g.dk\\\/vhg-petanque\\\/#breadcrumb\",\"itemListElement\":[{\"@type\":\"ListItem\",\"position\":1,\"name\":\"Home\",\"item\":\"https:\\\/\\\/v-h-g.dk\\\/vhg-petanque\\\/\"},{\"@type\":\"ListItem\",\"position\":2,\"name\":\"VHG PETANQUE\"}]},{\"@type\":\"WebSite\",\"@id\":\"https:\\\/\\\/v-h-g.dk\\\/vhg-petanque\\\/#website\",\"url\":\"https:\\\/\\\/v-h-g.dk\\\/vhg-petanque\\\/\",\"name\":\"VHG Petanque\",\"description\":\"\",\"publisher\":{\"@id\":\"https:\\\/\\\/v-h-g.dk\\\/vhg-petanque\\\/#organization\"},\"potentialAction\":[{\"@type\":\"SearchAction\",\"target\":{\"@type\":\"EntryPoint\",\"urlTemplate\":\"https:\\\/\\\/v-h-g.dk\\\/vhg-petanque\\\/?s={search_term_string}\"},\"query-input\":{\"@type\":\"PropertyValueSpecification\",\"valueRequired\":true,\"valueName\":\"search_term_string\"}}],\"inLanguage\":\"da-DK\"},{\"@type\":\"Organization\",\"@id\":\"https:\\\/\\\/v-h-g.dk\\\/vhg-petanque\\\/#organization\",\"name\":\"VHG Petanque\",\"url\":\"https:\\\/\\\/v-h-g.dk\\\/vhg-petanque\\\/\",\"logo\":{\"@type\":\"ImageObject\",\"inLanguage\":\"da-DK\",\"@id\":\"https:\\\/\\\/v-h-g.dk\\\/vhg-petanque\\\/#\\\/schema\\\/logo\\\/image\\\/\",\"url\":\"https:\\\/\\\/v-h-g.dk\\\/vhg-petanque\\\/wp-content\\\/uploads\\\/sites\\\/9\\\/2024\\\/06\\\/logo.png\",\"contentUrl\":\"https:\\\/\\\/v-h-g.dk\\\/vhg-petanque\\\/wp-content\\\/uploads\\\/sites\\\/9\\\/2024\\\/06\\\/logo.png\",\"width\":110,\"height\":126,\"caption\":\"VHG Petanque\"},\"image\":{\"@id\":\"https:\\\/\\\/v-h-g.dk\\\/vhg-petanque\\\/#\\\/schema\\\/logo\\\/image\\\/\"}}]}<\/script>\n<!-- \/ Yoast SEO plugin. -->","yoast_head_json":{"title":"VHG PETANQUE - VHG Petanque","robots":{"index":"index","follow":"follow","max-snippet":"max-snippet:-1","max-image-preview":"max-image-preview:large","max-video-preview":"max-video-preview:-1"},"canonical":"https:\/\/v-h-g.dk\/vhg-petanque\/","og_locale":"da_DK","og_type":"article","og_title":"VHG PETANQUE - VHG Petanque","og_description":"FORSIDE VHG PETANQUE VELKOMMEN TIL VHG PETANQUE S\u00c6SON 2025\/2026 TR\u00c6NINGSTID: Vi tr\u00e6ner hver onsdag fra klokken 14.00 til ??.?? &#8211; og hver s\u00f8ndag fra kl. 10.00-12.00 Vi m\u00f8des ved vores baner\u00a0ved Vallekilde-H\u00f8rve Kultur &amp; Idr\u00e6tscenter. M\u00d8D OP\u00a0&#8211; VI HAR KUGLER OG BANER\u00a0&#8211; DET ER DIG, VI MANGLER! PETANQUE I\u00a0DGI Vi er medlem af DGI, s\u00e5 [&hellip;]","og_url":"https:\/\/v-h-g.dk\/vhg-petanque\/","og_site_name":"VHG Petanque","article_modified_time":"2025-08-13T12:14:08+00:00","og_image":[{"url":"https:\/\/v-h-g.dk\/vhg-petanque\/wp-content\/uploads\/sites\/9\/2024\/06\/indgang-icon-07.png","type":"","width":"","height":""}],"twitter_card":"summary_large_image","twitter_misc":{"Estimeret l\u00e6setid":"1 minut"},"schema":{"@context":"https:\/\/schema.org","@graph":[{"@type":"WebPage","@id":"https:\/\/v-h-g.dk\/vhg-petanque\/","url":"https:\/\/v-h-g.dk\/vhg-petanque\/","name":"VHG PETANQUE - VHG Petanque","isPartOf":{"@id":"https:\/\/v-h-g.dk\/vhg-petanque\/#website"},"primaryImageOfPage":{"@id":"https:\/\/v-h-g.dk\/vhg-petanque\/#primaryimage"},"image":{"@id":"https:\/\/v-h-g.dk\/vhg-petanque\/#primaryimage"},"thumbnailUrl":"https:\/\/v-h-g.dk\/vhg-petanque\/wp-content\/uploads\/sites\/9\/2024\/06\/indgang-icon-07.png","datePublished":"2024-06-13T18:13:21+00:00","dateModified":"2025-08-13T12:14:08+00:00","breadcrumb":{"@id":"https:\/\/v-h-g.dk\/vhg-petanque\/#breadcrumb"},"inLanguage":"da-DK","potentialAction":[{"@type":"ReadAction","target":["https:\/\/v-h-g.dk\/vhg-petanque\/"]}]},{"@type":"ImageObject","inLanguage":"da-DK","@id":"https:\/\/v-h-g.dk\/vhg-petanque\/#primaryimage","url":"https:\/\/v-h-g.dk\/vhg-petanque\/wp-content\/uploads\/sites\/9\/2024\/06\/indgang-icon-07.png","contentUrl":"https:\/\/v-h-g.dk\/vhg-petanque\/wp-content\/uploads\/sites\/9\/2024\/06\/indgang-icon-07.png","width":165,"height":150},{"@type":"BreadcrumbList","@id":"https:\/\/v-h-g.dk\/vhg-petanque\/#breadcrumb","itemListElement":[{"@type":"ListItem","position":1,"name":"Home","item":"https:\/\/v-h-g.dk\/vhg-petanque\/"},{"@type":"ListItem","position":2,"name":"VHG PETANQUE"}]},{"@type":"WebSite","@id":"https:\/\/v-h-g.dk\/vhg-petanque\/#website","url":"https:\/\/v-h-g.dk\/vhg-petanque\/","name":"VHG Petanque","description":"","publisher":{"@id":"https:\/\/v-h-g.dk\/vhg-petanque\/#organization"},"potentialAction":[{"@type":"SearchAction","target":{"@type":"EntryPoint","urlTemplate":"https:\/\/v-h-g.dk\/vhg-petanque\/?s={search_term_string}"},"query-input":{"@type":"PropertyValueSpecification","valueRequired":true,"valueName":"search_term_string"}}],"inLanguage":"da-DK"},{"@type":"Organization","@id":"https:\/\/v-h-g.dk\/vhg-petanque\/#organization","name":"VHG Petanque","url":"https:\/\/v-h-g.dk\/vhg-petanque\/","logo":{"@type":"ImageObject","inLanguage":"da-DK","@id":"https:\/\/v-h-g.dk\/vhg-petanque\/#\/schema\/logo\/image\/","url":"https:\/\/v-h-g.dk\/vhg-petanque\/wp-content\/uploads\/sites\/9\/2024\/06\/logo.png","contentUrl":"https:\/\/v-h-g.dk\/vhg-petanque\/wp-content\/uploads\/sites\/9\/2024\/06\/logo.png","width":110,"height":126,"caption":"VHG Petanque"},"image":{"@id":"https:\/\/v-h-g.dk\/vhg-petanque\/#\/schema\/logo\/image\/"}}]}},"_links":{"self":[{"href":"https:\/\/v-h-g.dk\/vhg-petanque\/wp-json\/wp\/v2\/pages\/2","targetHints":{"allow":["GET"]}}],"collection":[{"href":"https:\/\/v-h-g.dk\/vhg-petanque\/wp-json\/wp\/v2\/pages"}],"about":[{"href":"https:\/\/v-h-g.dk\/vhg-petanque\/wp-json\/wp\/v2\/types\/page"}],"author":[{"embeddable":true,"href":"https:\/\/v-h-g.dk\/vhg-petanque\/wp-json\/wp\/v2\/users\/1"}],"replies":[{"embeddable":true,"href":"https:\/\/v-h-g.dk\/vhg-petanque\/wp-json\/wp\/v2\/comments?post=2"}],"version-history":[{"count":11,"href":"https:\/\/v-h-g.dk\/vhg-petanque\/wp-json\/wp\/v2\/pages\/2\/revisions"}],"predecessor-version":[{"id":91,"href":"https:\/\/v-h-g.dk\/vhg-petanque\/wp-json\/wp\/v2\/pages\/2\/revisions\/91"}],"wp:attachment":[{"href":"https:\/\/v-h-g.dk\/vhg-petanque\/wp-json\/wp\/v2\/media?parent=2"}],"curies":[{"name":"wp","href":"https:\/\/api.w.org\/{rel}","templated":true}]}}