{"id":2,"date":"2024-06-14T02:22:00","date_gmt":"2024-06-14T02:22:00","guid":{"rendered":"https:\/\/vhgnew.vps.simplesolution.dk\/vhg-veteran\/?page_id=2"},"modified":"2025-09-24T06:53:16","modified_gmt":"2025-09-24T06:53:16","slug":"vhg-veteran","status":"publish","type":"page","link":"https:\/\/v-h-g.dk\/vhg-veteran\/","title":{"rendered":"VHG Veteran"},"content":{"rendered":"\t\t<div data-elementor-type=\"wp-page\" data-elementor-id=\"2\" class=\"elementor elementor-2\" data-elementor-post-type=\"page\">\n\t\t\t\t<div class=\"elementor-element elementor-element-fea9b56 e-flex e-con-boxed e-con e-parent\" data-id=\"fea9b56\" data-element_type=\"container\" data-e-type=\"container\" data-settings=\"{&quot;background_background&quot;:&quot;classic&quot;}\">\n\t\t\t\t\t<div class=\"e-con-inner\">\n\t\t\t\t<div class=\"elementor-element elementor-element-3fd45c3 elementor-widget elementor-widget-image\" data-id=\"3fd45c3\" data-element_type=\"widget\" data-e-type=\"widget\" data-widget_type=\"image.default\">\n\t\t\t\t<div class=\"elementor-widget-container\">\n\t\t\t\t\t\t\t\t\t\t\t\t\t\t\t<img decoding=\"async\" width=\"165\" height=\"150\" src=\"https:\/\/v-h-g.dk\/vhg-veteran\/wp-content\/uploads\/sites\/11\/2024\/06\/indgang-icon-10.png\" class=\"attachment-full size-full wp-image-27\" alt=\"\" \/>\t\t\t\t\t\t\t\t\t\t\t\t\t\t\t<\/div>\n\t\t\t\t<\/div>\n\t\t\t\t\t<\/div>\n\t\t\t\t<\/div>\n\t\t<div class=\"elementor-element elementor-element-362becb e-flex e-con-boxed e-con e-parent\" data-id=\"362becb\" data-element_type=\"container\" data-e-type=\"container\" data-settings=\"{&quot;background_background&quot;:&quot;classic&quot;}\">\n\t\t\t\t\t<div class=\"e-con-inner\">\n\t\t\t\t<div class=\"elementor-element elementor-element-91fe77e elementor-widget elementor-widget-heading\" data-id=\"91fe77e\" data-element_type=\"widget\" data-e-type=\"widget\" data-widget_type=\"heading.default\">\n\t\t\t\t<div class=\"elementor-widget-container\">\n\t\t\t\t\t<p class=\"elementor-heading-title elementor-size-default\"><a href=\"https:\/\/v-h-g.dk\/\"> FORSIDE<\/a><\/p>\t\t\t\t<\/div>\n\t\t\t\t<\/div>\n\t\t\t\t<div class=\"elementor-element elementor-element-54928de elementor-widget elementor-widget-image\" data-id=\"54928de\" data-element_type=\"widget\" data-e-type=\"widget\" data-widget_type=\"image.default\">\n\t\t\t\t<div class=\"elementor-widget-container\">\n\t\t\t\t\t\t\t\t\t\t\t\t\t\t\t<img decoding=\"async\" width=\"9\" height=\"9\" src=\"https:\/\/v-h-g.dk\/vhg-veteran\/wp-content\/uploads\/sites\/11\/2024\/06\/arrow.png\" class=\"attachment-large size-large wp-image-29\" alt=\"\" \/>\t\t\t\t\t\t\t\t\t\t\t\t\t\t\t<\/div>\n\t\t\t\t<\/div>\n\t\t\t\t<div class=\"elementor-element elementor-element-0ec2199 elementor-widget elementor-widget-heading\" data-id=\"0ec2199\" data-element_type=\"widget\" data-e-type=\"widget\" data-widget_type=\"heading.default\">\n\t\t\t\t<div class=\"elementor-widget-container\">\n\t\t\t\t\t<p class=\"elementor-heading-title elementor-size-default\"><a href=\"\/vhg-petanque\/\"> VHG VETERAN<\/a><\/p>\t\t\t\t<\/div>\n\t\t\t\t<\/div>\n\t\t\t\t\t<\/div>\n\t\t\t\t<\/div>\n\t\t<div class=\"elementor-element elementor-element-5707b0a e-flex e-con-boxed e-con e-parent\" data-id=\"5707b0a\" data-element_type=\"container\" data-e-type=\"container\">\n\t\t\t\t\t<div class=\"e-con-inner\">\n\t\t<div class=\"elementor-element elementor-element-61d7650 e-con-full e-flex e-con e-child\" data-id=\"61d7650\" data-element_type=\"container\" data-e-type=\"container\" data-settings=\"{&quot;background_background&quot;:&quot;classic&quot;}\">\n\t\t\t\t<div class=\"elementor-element elementor-element-93d3414 elementor-widget elementor-widget-heading\" data-id=\"93d3414\" data-element_type=\"widget\" data-e-type=\"widget\" data-widget_type=\"heading.default\">\n\t\t\t\t<div class=\"elementor-widget-container\">\n\t\t\t\t\t<h1 class=\"elementor-heading-title elementor-size-default\"><span class=\" item_title_part_first\" style=\"font-family: Cuprum\">Velkommen til VHG Veteran 2025\/2026<\/span><\/h1>\t\t\t\t<\/div>\n\t\t\t\t<\/div>\n\t\t\t\t<div class=\"elementor-element elementor-element-a1c68aa elementor-widget elementor-widget-heading\" data-id=\"a1c68aa\" data-element_type=\"widget\" data-e-type=\"widget\" data-widget_type=\"heading.default\">\n\t\t\t\t<div class=\"elementor-widget-container\">\n\t\t\t\t\t<h3 class=\"elementor-heading-title elementor-size-default\">Veteranturene afg\u00e5r alle fra Vallekilde-H\u00f8rve Kultur &amp; Idr\u00e6tscenter. Sp\u00f8rgsm\u00e5l vedr\u00f8rende turene besvares p\u00e5 mobil 5122 5918.<\/h3>\t\t\t\t<\/div>\n\t\t\t\t<\/div>\n\t\t\t\t<div class=\"elementor-element elementor-element-33d9a80 elementor-widget elementor-widget-text-editor\" data-id=\"33d9a80\" data-element_type=\"widget\" data-e-type=\"widget\" data-widget_type=\"text-editor.default\">\n\t\t\t\t<div class=\"elementor-widget-container\">\n\t\t\t\t\t\t\t\t\t<p>De arrangerede ture for veteranerne er VHG&#8217;s tilbud til alle, som har lyst til at g\u00e5 en frisk tur. Vi k\u00f8rer ud til et af vore mange k\u00f8nne naturomr\u00e5der, lader bilen st\u00e5 og g\u00e5r en rask tur. Det giver frisk luft i lungerne, og vi f\u00e5r en god snak med hinanden. Alle kan v\u00e6re med. Hvis du ikke har bil, k\u00f8rer du med hos en, der har plads. Vi finder et hyggeligt sted, hvor vi kan nyde den medbragte kaffe. Turene finder sted den sidste torsdag i hver m\u00e5ned, altid med start fra Vallekilde-H\u00f8rve Kultur &amp; Idr\u00e6tscenter.<\/p>\t\t\t\t\t\t\t\t<\/div>\n\t\t\t\t<\/div>\n\t\t\t\t<\/div>\n\t\t<div class=\"elementor-element elementor-element-abe99a7 e-con-full e-flex e-con e-child\" data-id=\"abe99a7\" data-element_type=\"container\" data-e-type=\"container\" data-settings=\"{&quot;background_background&quot;:&quot;classic&quot;}\">\n\t\t\t\t<div class=\"elementor-element elementor-element-c44456b elementor-widget elementor-widget-heading\" data-id=\"c44456b\" data-element_type=\"widget\" data-e-type=\"widget\" data-widget_type=\"heading.default\">\n\t\t\t\t<div class=\"elementor-widget-container\">\n\t\t\t\t\t<h1 class=\"elementor-heading-title elementor-size-default\">VETERAN<\/h1>\t\t\t\t<\/div>\n\t\t\t\t<\/div>\n\t\t\t\t<div class=\"elementor-element elementor-element-980463e elementor-widget elementor-widget-shortcode\" data-id=\"980463e\" data-element_type=\"widget\" data-e-type=\"widget\" data-widget_type=\"shortcode.default\">\n\t\t\t\t<div class=\"elementor-widget-container\">\n\t\t\t\t\t\t\t<div class=\"elementor-shortcode\">\t\t<div data-elementor-type=\"section\" data-elementor-id=\"34\" class=\"elementor elementor-34\" data-elementor-post-type=\"elementor_library\">\n\t\t\t<div class=\"elementor-element elementor-element-2a55acf5 elementor-hidden-desktop elementor-hidden-tablet elementor-hidden-mobile e-flex e-con-boxed e-con e-parent\" data-id=\"2a55acf5\" data-element_type=\"container\" data-e-type=\"container\">\n\t\t\t\t\t<div class=\"e-con-inner\">\n\t\t\t\t<div class=\"elementor-element elementor-element-3fa1fcde elementor-icon-list--layout-traditional elementor-list-item-link-full_width elementor-widget elementor-widget-icon-list\" data-id=\"3fa1fcde\" data-element_type=\"widget\" data-e-type=\"widget\" data-widget_type=\"icon-list.default\">\n\t\t\t\t<div class=\"elementor-widget-container\">\n\t\t\t\t\t\t\t<ul class=\"elementor-icon-list-items\">\n\t\t\t\t\t\t\t<li class=\"elementor-icon-list-item\">\n\t\t\t\t\t\t\t\t\t\t\t<a href=\"https:\/\/v-h-g.dk\/vhg-veteran\">\n\n\t\t\t\t\t\t\t\t\t\t\t\t<span class=\"elementor-icon-list-icon\">\n\t\t\t\t\t\t\t<svg xmlns=\"http:\/\/www.w3.org\/2000\/svg\" xmlns:xlink=\"http:\/\/www.w3.org\/1999\/xlink\" id=\"Layer_1\" x=\"0px\" y=\"0px\" viewBox=\"0 0 23.8 18.7\" style=\"enable-background:new 0 0 23.8 18.7;\" xml:space=\"preserve\"><style type=\"text\/css\">\t.st0{fill:none;stroke:#0054A1;stroke-width:2;stroke-miterlimit:10;}<\/style><line class=\"st0\" x1=\"22\" y1=\"9.2\" x2=\"0\" y2=\"9.2\"><\/line><polyline class=\"st0\" points=\"14,0.7 22.5,9.2 14,17.7 \"><\/polyline><\/svg>\t\t\t\t\t\t<\/span>\n\t\t\t\t\t\t\t\t\t\t<span class=\"elementor-icon-list-text\">VELKOMMEN<\/span>\n\t\t\t\t\t\t\t\t\t\t\t<\/a>\n\t\t\t\t\t\t\t\t\t<\/li>\n\t\t\t\t\t\t\t\t<li class=\"elementor-icon-list-item\">\n\t\t\t\t\t\t\t\t\t\t\t<a href=\"\/vhg-veteran\/aktuelt\/\">\n\n\t\t\t\t\t\t\t\t\t\t\t\t<span class=\"elementor-icon-list-icon\">\n\t\t\t\t\t\t\t<svg xmlns=\"http:\/\/www.w3.org\/2000\/svg\" xmlns:xlink=\"http:\/\/www.w3.org\/1999\/xlink\" id=\"Layer_1\" x=\"0px\" y=\"0px\" viewBox=\"0 0 23.8 18.7\" style=\"enable-background:new 0 0 23.8 18.7;\" xml:space=\"preserve\"><style type=\"text\/css\">\t.st0{fill:none;stroke:#0054A1;stroke-width:2;stroke-miterlimit:10;}<\/style><line class=\"st0\" x1=\"22\" y1=\"9.2\" x2=\"0\" y2=\"9.2\"><\/line><polyline class=\"st0\" points=\"14,0.7 22.5,9.2 14,17.7 \"><\/polyline><\/svg>\t\t\t\t\t\t<\/span>\n\t\t\t\t\t\t\t\t\t\t<span class=\"elementor-icon-list-text\">AKTUELT<\/span>\n\t\t\t\t\t\t\t\t\t\t\t<\/a>\n\t\t\t\t\t\t\t\t\t<\/li>\n\t\t\t\t\t\t\t\t<li class=\"elementor-icon-list-item\">\n\t\t\t\t\t\t\t\t\t\t\t<a href=\"\/vhg-veteran\/foraarsaeson\/\">\n\n\t\t\t\t\t\t\t\t\t\t\t\t<span class=\"elementor-icon-list-icon\">\n\t\t\t\t\t\t\t<svg xmlns=\"http:\/\/www.w3.org\/2000\/svg\" xmlns:xlink=\"http:\/\/www.w3.org\/1999\/xlink\" id=\"Layer_1\" x=\"0px\" y=\"0px\" viewBox=\"0 0 23.8 18.7\" style=\"enable-background:new 0 0 23.8 18.7;\" xml:space=\"preserve\"><style type=\"text\/css\">\t.st0{fill:none;stroke:#0054A1;stroke-width:2;stroke-miterlimit:10;}<\/style><line class=\"st0\" x1=\"22\" y1=\"9.2\" x2=\"0\" y2=\"9.2\"><\/line><polyline class=\"st0\" points=\"14,0.7 22.5,9.2 14,17.7 \"><\/polyline><\/svg>\t\t\t\t\t\t<\/span>\n\t\t\t\t\t\t\t\t\t\t<span class=\"elementor-icon-list-text\">FOR\u00c5RSS\u00c6SON<\/span>\n\t\t\t\t\t\t\t\t\t\t\t<\/a>\n\t\t\t\t\t\t\t\t\t<\/li>\n\t\t\t\t\t\t\t\t<li class=\"elementor-icon-list-item\">\n\t\t\t\t\t\t\t\t\t\t\t<a href=\"\/vhg-veteran\/efterarssaeson-2018\/\">\n\n\t\t\t\t\t\t\t\t\t\t\t\t<span class=\"elementor-icon-list-icon\">\n\t\t\t\t\t\t\t<svg xmlns=\"http:\/\/www.w3.org\/2000\/svg\" xmlns:xlink=\"http:\/\/www.w3.org\/1999\/xlink\" id=\"Layer_1\" x=\"0px\" y=\"0px\" viewBox=\"0 0 23.8 18.7\" style=\"enable-background:new 0 0 23.8 18.7;\" xml:space=\"preserve\"><style type=\"text\/css\">\t.st0{fill:none;stroke:#0054A1;stroke-width:2;stroke-miterlimit:10;}<\/style><line class=\"st0\" x1=\"22\" y1=\"9.2\" x2=\"0\" y2=\"9.2\"><\/line><polyline class=\"st0\" points=\"14,0.7 22.5,9.2 14,17.7 \"><\/polyline><\/svg>\t\t\t\t\t\t<\/span>\n\t\t\t\t\t\t\t\t\t\t<span class=\"elementor-icon-list-text\">EFTER\u00c5RSS\u00c6SON<\/span>\n\t\t\t\t\t\t\t\t\t\t\t<\/a>\n\t\t\t\t\t\t\t\t\t<\/li>\n\t\t\t\t\t\t\t\t<li class=\"elementor-icon-list-item\">\n\t\t\t\t\t\t\t\t\t\t\t<a href=\"\/vhg-veteran\/billeder\/\">\n\n\t\t\t\t\t\t\t\t\t\t\t\t<span class=\"elementor-icon-list-icon\">\n\t\t\t\t\t\t\t<svg xmlns=\"http:\/\/www.w3.org\/2000\/svg\" xmlns:xlink=\"http:\/\/www.w3.org\/1999\/xlink\" id=\"Layer_1\" x=\"0px\" y=\"0px\" viewBox=\"0 0 23.8 18.7\" style=\"enable-background:new 0 0 23.8 18.7;\" xml:space=\"preserve\"><style type=\"text\/css\">\t.st0{fill:none;stroke:#0054A1;stroke-width:2;stroke-miterlimit:10;}<\/style><line class=\"st0\" x1=\"22\" y1=\"9.2\" x2=\"0\" y2=\"9.2\"><\/line><polyline class=\"st0\" points=\"14,0.7 22.5,9.2 14,17.7 \"><\/polyline><\/svg>\t\t\t\t\t\t<\/span>\n\t\t\t\t\t\t\t\t\t\t<span class=\"elementor-icon-list-text\">BILLEDER<\/span>\n\t\t\t\t\t\t\t\t\t\t\t<\/a>\n\t\t\t\t\t\t\t\t\t<\/li>\n\t\t\t\t\t\t\t\t<li class=\"elementor-icon-list-item\">\n\t\t\t\t\t\t\t\t\t\t\t<a href=\"\/vhg-veteran\/kontakt\/\">\n\n\t\t\t\t\t\t\t\t\t\t\t\t<span class=\"elementor-icon-list-icon\">\n\t\t\t\t\t\t\t<svg xmlns=\"http:\/\/www.w3.org\/2000\/svg\" xmlns:xlink=\"http:\/\/www.w3.org\/1999\/xlink\" id=\"Layer_1\" x=\"0px\" y=\"0px\" viewBox=\"0 0 23.8 18.7\" style=\"enable-background:new 0 0 23.8 18.7;\" xml:space=\"preserve\"><style type=\"text\/css\">\t.st0{fill:none;stroke:#0054A1;stroke-width:2;stroke-miterlimit:10;}<\/style><line class=\"st0\" x1=\"22\" y1=\"9.2\" x2=\"0\" y2=\"9.2\"><\/line><polyline class=\"st0\" points=\"14,0.7 22.5,9.2 14,17.7 \"><\/polyline><\/svg>\t\t\t\t\t\t<\/span>\n\t\t\t\t\t\t\t\t\t\t<span class=\"elementor-icon-list-text\">KONTAKT VETERANERNE<\/span>\n\t\t\t\t\t\t\t\t\t\t\t<\/a>\n\t\t\t\t\t\t\t\t\t<\/li>\n\t\t\t\t\t\t<\/ul>\n\t\t\t\t\t\t<\/div>\n\t\t\t\t<\/div>\n\t\t\t\t\t<\/div>\n\t\t\t\t<\/div>\n\t\t<div class=\"elementor-element elementor-element-a00c04a e-flex e-con-boxed e-con e-parent\" data-id=\"a00c04a\" data-element_type=\"container\" data-e-type=\"container\">\n\t\t\t\t\t<div class=\"e-con-inner\">\n\t\t\t\t<div class=\"elementor-element elementor-element-2356a11 elementor-nav-menu--dropdown-none sidebar-menu elementor-widget elementor-widget-nav-menu\" data-id=\"2356a11\" data-element_type=\"widget\" data-e-type=\"widget\" data-settings=\"{&quot;layout&quot;:&quot;vertical&quot;,&quot;submenu_icon&quot;:{&quot;value&quot;:&quot;&lt;svg aria-hidden=\\&quot;true\\&quot; class=\\&quot;e-font-icon-svg e-fas-caret-down\\&quot; viewBox=\\&quot;0 0 320 512\\&quot; xmlns=\\&quot;http:\\\/\\\/www.w3.org\\\/2000\\\/svg\\&quot;&gt;&lt;path d=\\&quot;M31.3 192h257.3c17.8 0 26.7 21.5 14.1 34.1L174.1 354.8c-7.8 7.8-20.5 7.8-28.3 0L17.2 226.1C4.6 213.5 13.5 192 31.3 192z\\&quot;&gt;&lt;\\\/path&gt;&lt;\\\/svg&gt;&quot;,&quot;library&quot;:&quot;fa-solid&quot;}}\" data-widget_type=\"nav-menu.default\">\n\t\t\t\t<div class=\"elementor-widget-container\">\n\t\t\t\t\t\t\t\t<nav aria-label=\"Menu\" class=\"elementor-nav-menu--main elementor-nav-menu__container elementor-nav-menu--layout-vertical e--pointer-none\">\n\t\t\t\t<ul id=\"menu-1-2356a11\" class=\"elementor-nav-menu sm-vertical\"><li class=\"menu-item menu-item-type-post_type menu-item-object-page menu-item-home menu-item-131\"><a href=\"https:\/\/v-h-g.dk\/vhg-veteran\/\" class=\"elementor-item\">VELKOMMEN<\/a><\/li>\n<li class=\"menu-item menu-item-type-post_type menu-item-object-page menu-item-133\"><a href=\"https:\/\/v-h-g.dk\/vhg-veteran\/foraarsaeson\/\" class=\"elementor-item\">FOR\u00c5RS\u00c6SON<\/a><\/li>\n<li class=\"menu-item menu-item-type-post_type menu-item-object-page menu-item-134\"><a href=\"https:\/\/v-h-g.dk\/vhg-veteran\/efterarssaeson-2018\/\" class=\"elementor-item\">EFTER\u00c5RSS\u00c6SON<\/a><\/li>\n<li class=\"menu-item menu-item-type-post_type menu-item-object-page menu-item-135\"><a href=\"https:\/\/v-h-g.dk\/vhg-veteran\/billeder\/\" class=\"elementor-item\">BILLEDER<\/a><\/li>\n<li class=\"menu-item menu-item-type-post_type menu-item-object-page menu-item-136\"><a href=\"https:\/\/v-h-g.dk\/vhg-veteran\/kontakt\/\" class=\"elementor-item\">KONTAKT VETERANERNE<\/a><\/li>\n<\/ul>\t\t\t<\/nav>\n\t\t\t\t\t\t<nav class=\"elementor-nav-menu--dropdown elementor-nav-menu__container\" aria-hidden=\"true\">\n\t\t\t\t<ul id=\"menu-2-2356a11\" class=\"elementor-nav-menu sm-vertical\"><li class=\"menu-item menu-item-type-post_type menu-item-object-page menu-item-home menu-item-131\"><a href=\"https:\/\/v-h-g.dk\/vhg-veteran\/\" class=\"elementor-item\" tabindex=\"-1\">VELKOMMEN<\/a><\/li>\n<li class=\"menu-item menu-item-type-post_type menu-item-object-page menu-item-133\"><a href=\"https:\/\/v-h-g.dk\/vhg-veteran\/foraarsaeson\/\" class=\"elementor-item\" tabindex=\"-1\">FOR\u00c5RS\u00c6SON<\/a><\/li>\n<li class=\"menu-item menu-item-type-post_type menu-item-object-page menu-item-134\"><a href=\"https:\/\/v-h-g.dk\/vhg-veteran\/efterarssaeson-2018\/\" class=\"elementor-item\" tabindex=\"-1\">EFTER\u00c5RSS\u00c6SON<\/a><\/li>\n<li class=\"menu-item menu-item-type-post_type menu-item-object-page menu-item-135\"><a href=\"https:\/\/v-h-g.dk\/vhg-veteran\/billeder\/\" class=\"elementor-item\" tabindex=\"-1\">BILLEDER<\/a><\/li>\n<li class=\"menu-item menu-item-type-post_type menu-item-object-page menu-item-136\"><a href=\"https:\/\/v-h-g.dk\/vhg-veteran\/kontakt\/\" class=\"elementor-item\" tabindex=\"-1\">KONTAKT VETERANERNE<\/a><\/li>\n<\/ul>\t\t\t<\/nav>\n\t\t\t\t\t\t<\/div>\n\t\t\t\t<\/div>\n\t\t\t\t\t<\/div>\n\t\t\t\t<\/div>\n\t\t\t\t<\/div>\n\t\t<\/div>\n\t\t\t\t\t\t<\/div>\n\t\t\t\t<\/div>\n\t\t\t\t<\/div>\n\t\t\t\t\t<\/div>\n\t\t\t\t<\/div>\n\t\t\t\t<\/div>\n\t\t","protected":false},"excerpt":{"rendered":"<p>FORSIDE VHG VETERAN Velkommen til VHG Veteran 2025\/2026 Veteranturene afg\u00e5r alle fra Vallekilde-H\u00f8rve Kultur &amp; Idr\u00e6tscenter. Sp\u00f8rgsm\u00e5l vedr\u00f8rende turene besvares p\u00e5 mobil 5122 5918. De arrangerede ture for veteranerne er VHG&#8217;s tilbud til alle, som har lyst til at g\u00e5 en frisk tur. Vi k\u00f8rer ud til et af vore mange k\u00f8nne naturomr\u00e5der, lader bilen [&hellip;]<\/p>\n","protected":false},"author":1,"featured_media":0,"parent":0,"menu_order":0,"comment_status":"closed","ping_status":"closed","template":"","meta":{"_acf_changed":false,"inline_featured_image":false,"footnotes":""},"class_list":["post-2","page","type-page","status-publish","hentry"],"acf":[],"yoast_head":"<!-- This site is optimized with the Yoast SEO plugin v27.4 - https:\/\/yoast.com\/product\/yoast-seo-wordpress\/ -->\n<title>VHG Veteran - VHG Veteran<\/title>\n<meta name=\"robots\" content=\"index, follow, max-snippet:-1, max-image-preview:large, max-video-preview:-1\" \/>\n<link rel=\"canonical\" href=\"https:\/\/v-h-g.dk\/vhg-veteran\/\" \/>\n<meta property=\"og:locale\" content=\"da_DK\" \/>\n<meta property=\"og:type\" content=\"article\" \/>\n<meta property=\"og:title\" content=\"VHG Veteran - VHG Veteran\" \/>\n<meta property=\"og:description\" content=\"FORSIDE VHG VETERAN Velkommen til VHG Veteran 2025\/2026 Veteranturene afg\u00e5r alle fra Vallekilde-H\u00f8rve Kultur &amp; Idr\u00e6tscenter. Sp\u00f8rgsm\u00e5l vedr\u00f8rende turene besvares p\u00e5 mobil 5122 5918. De arrangerede ture for veteranerne er VHG&#8217;s tilbud til alle, som har lyst til at g\u00e5 en frisk tur. Vi k\u00f8rer ud til et af vore mange k\u00f8nne naturomr\u00e5der, lader bilen [&hellip;]\" \/>\n<meta property=\"og:url\" content=\"https:\/\/v-h-g.dk\/vhg-veteran\/\" \/>\n<meta property=\"og:site_name\" content=\"VHG Veteran\" \/>\n<meta property=\"article:modified_time\" content=\"2025-09-24T06:53:16+00:00\" \/>\n<meta property=\"og:image\" content=\"https:\/\/v-h-g.dk\/vhg-veteran\/wp-content\/uploads\/sites\/11\/2024\/06\/indgang-icon-10.png\" \/>\n\t<meta property=\"og:image:width\" content=\"165\" \/>\n\t<meta property=\"og:image:height\" content=\"150\" \/>\n\t<meta property=\"og:image:type\" content=\"image\/png\" \/>\n<meta name=\"twitter:card\" content=\"summary_large_image\" \/>\n<meta name=\"twitter:label1\" content=\"Estimeret l\u00e6setid\" \/>\n\t<meta name=\"twitter:data1\" content=\"2 minutter\" \/>\n<script type=\"application\/ld+json\" class=\"yoast-schema-graph\">{\"@context\":\"https:\\\/\\\/schema.org\",\"@graph\":[{\"@type\":\"WebPage\",\"@id\":\"https:\\\/\\\/v-h-g.dk\\\/vhg-veteran\\\/\",\"url\":\"https:\\\/\\\/v-h-g.dk\\\/vhg-veteran\\\/\",\"name\":\"VHG Veteran - VHG Veteran\",\"isPartOf\":{\"@id\":\"https:\\\/\\\/v-h-g.dk\\\/vhg-veteran\\\/#website\"},\"primaryImageOfPage\":{\"@id\":\"https:\\\/\\\/v-h-g.dk\\\/vhg-veteran\\\/#primaryimage\"},\"image\":{\"@id\":\"https:\\\/\\\/v-h-g.dk\\\/vhg-veteran\\\/#primaryimage\"},\"thumbnailUrl\":\"https:\\\/\\\/v-h-g.dk\\\/vhg-veteran\\\/wp-content\\\/uploads\\\/sites\\\/11\\\/2024\\\/06\\\/indgang-icon-10.png\",\"datePublished\":\"2024-06-14T02:22:00+00:00\",\"dateModified\":\"2025-09-24T06:53:16+00:00\",\"breadcrumb\":{\"@id\":\"https:\\\/\\\/v-h-g.dk\\\/vhg-veteran\\\/#breadcrumb\"},\"inLanguage\":\"da-DK\",\"potentialAction\":[{\"@type\":\"ReadAction\",\"target\":[\"https:\\\/\\\/v-h-g.dk\\\/vhg-veteran\\\/\"]}]},{\"@type\":\"ImageObject\",\"inLanguage\":\"da-DK\",\"@id\":\"https:\\\/\\\/v-h-g.dk\\\/vhg-veteran\\\/#primaryimage\",\"url\":\"https:\\\/\\\/v-h-g.dk\\\/vhg-veteran\\\/wp-content\\\/uploads\\\/sites\\\/11\\\/2024\\\/06\\\/indgang-icon-10.png\",\"contentUrl\":\"https:\\\/\\\/v-h-g.dk\\\/vhg-veteran\\\/wp-content\\\/uploads\\\/sites\\\/11\\\/2024\\\/06\\\/indgang-icon-10.png\",\"width\":165,\"height\":150},{\"@type\":\"BreadcrumbList\",\"@id\":\"https:\\\/\\\/v-h-g.dk\\\/vhg-veteran\\\/#breadcrumb\",\"itemListElement\":[{\"@type\":\"ListItem\",\"position\":1,\"name\":\"Home\",\"item\":\"https:\\\/\\\/v-h-g.dk\\\/vhg-veteran\\\/\"},{\"@type\":\"ListItem\",\"position\":2,\"name\":\"VHG Veteran\"}]},{\"@type\":\"WebSite\",\"@id\":\"https:\\\/\\\/v-h-g.dk\\\/vhg-veteran\\\/#website\",\"url\":\"https:\\\/\\\/v-h-g.dk\\\/vhg-veteran\\\/\",\"name\":\"VHG Veteran\",\"description\":\"\",\"publisher\":{\"@id\":\"https:\\\/\\\/v-h-g.dk\\\/vhg-veteran\\\/#organization\"},\"potentialAction\":[{\"@type\":\"SearchAction\",\"target\":{\"@type\":\"EntryPoint\",\"urlTemplate\":\"https:\\\/\\\/v-h-g.dk\\\/vhg-veteran\\\/?s={search_term_string}\"},\"query-input\":{\"@type\":\"PropertyValueSpecification\",\"valueRequired\":true,\"valueName\":\"search_term_string\"}}],\"inLanguage\":\"da-DK\"},{\"@type\":\"Organization\",\"@id\":\"https:\\\/\\\/v-h-g.dk\\\/vhg-veteran\\\/#organization\",\"name\":\"VHG Veteran\",\"url\":\"https:\\\/\\\/v-h-g.dk\\\/vhg-veteran\\\/\",\"logo\":{\"@type\":\"ImageObject\",\"inLanguage\":\"da-DK\",\"@id\":\"https:\\\/\\\/v-h-g.dk\\\/vhg-veteran\\\/#\\\/schema\\\/logo\\\/image\\\/\",\"url\":\"https:\\\/\\\/v-h-g.dk\\\/vhg-veteran\\\/wp-content\\\/uploads\\\/sites\\\/11\\\/2024\\\/06\\\/logo.png\",\"contentUrl\":\"https:\\\/\\\/v-h-g.dk\\\/vhg-veteran\\\/wp-content\\\/uploads\\\/sites\\\/11\\\/2024\\\/06\\\/logo.png\",\"width\":110,\"height\":126,\"caption\":\"VHG Veteran\"},\"image\":{\"@id\":\"https:\\\/\\\/v-h-g.dk\\\/vhg-veteran\\\/#\\\/schema\\\/logo\\\/image\\\/\"}}]}<\/script>\n<!-- \/ Yoast SEO plugin. -->","yoast_head_json":{"title":"VHG Veteran - VHG Veteran","robots":{"index":"index","follow":"follow","max-snippet":"max-snippet:-1","max-image-preview":"max-image-preview:large","max-video-preview":"max-video-preview:-1"},"canonical":"https:\/\/v-h-g.dk\/vhg-veteran\/","og_locale":"da_DK","og_type":"article","og_title":"VHG Veteran - VHG Veteran","og_description":"FORSIDE VHG VETERAN Velkommen til VHG Veteran 2025\/2026 Veteranturene afg\u00e5r alle fra Vallekilde-H\u00f8rve Kultur &amp; Idr\u00e6tscenter. Sp\u00f8rgsm\u00e5l vedr\u00f8rende turene besvares p\u00e5 mobil 5122 5918. De arrangerede ture for veteranerne er VHG&#8217;s tilbud til alle, som har lyst til at g\u00e5 en frisk tur. Vi k\u00f8rer ud til et af vore mange k\u00f8nne naturomr\u00e5der, lader bilen [&hellip;]","og_url":"https:\/\/v-h-g.dk\/vhg-veteran\/","og_site_name":"VHG Veteran","article_modified_time":"2025-09-24T06:53:16+00:00","og_image":[{"width":165,"height":150,"url":"https:\/\/v-h-g.dk\/vhg-veteran\/wp-content\/uploads\/sites\/11\/2024\/06\/indgang-icon-10.png","type":"image\/png"}],"twitter_card":"summary_large_image","twitter_misc":{"Estimeret l\u00e6setid":"2 minutter"},"schema":{"@context":"https:\/\/schema.org","@graph":[{"@type":"WebPage","@id":"https:\/\/v-h-g.dk\/vhg-veteran\/","url":"https:\/\/v-h-g.dk\/vhg-veteran\/","name":"VHG Veteran - VHG Veteran","isPartOf":{"@id":"https:\/\/v-h-g.dk\/vhg-veteran\/#website"},"primaryImageOfPage":{"@id":"https:\/\/v-h-g.dk\/vhg-veteran\/#primaryimage"},"image":{"@id":"https:\/\/v-h-g.dk\/vhg-veteran\/#primaryimage"},"thumbnailUrl":"https:\/\/v-h-g.dk\/vhg-veteran\/wp-content\/uploads\/sites\/11\/2024\/06\/indgang-icon-10.png","datePublished":"2024-06-14T02:22:00+00:00","dateModified":"2025-09-24T06:53:16+00:00","breadcrumb":{"@id":"https:\/\/v-h-g.dk\/vhg-veteran\/#breadcrumb"},"inLanguage":"da-DK","potentialAction":[{"@type":"ReadAction","target":["https:\/\/v-h-g.dk\/vhg-veteran\/"]}]},{"@type":"ImageObject","inLanguage":"da-DK","@id":"https:\/\/v-h-g.dk\/vhg-veteran\/#primaryimage","url":"https:\/\/v-h-g.dk\/vhg-veteran\/wp-content\/uploads\/sites\/11\/2024\/06\/indgang-icon-10.png","contentUrl":"https:\/\/v-h-g.dk\/vhg-veteran\/wp-content\/uploads\/sites\/11\/2024\/06\/indgang-icon-10.png","width":165,"height":150},{"@type":"BreadcrumbList","@id":"https:\/\/v-h-g.dk\/vhg-veteran\/#breadcrumb","itemListElement":[{"@type":"ListItem","position":1,"name":"Home","item":"https:\/\/v-h-g.dk\/vhg-veteran\/"},{"@type":"ListItem","position":2,"name":"VHG Veteran"}]},{"@type":"WebSite","@id":"https:\/\/v-h-g.dk\/vhg-veteran\/#website","url":"https:\/\/v-h-g.dk\/vhg-veteran\/","name":"VHG Veteran","description":"","publisher":{"@id":"https:\/\/v-h-g.dk\/vhg-veteran\/#organization"},"potentialAction":[{"@type":"SearchAction","target":{"@type":"EntryPoint","urlTemplate":"https:\/\/v-h-g.dk\/vhg-veteran\/?s={search_term_string}"},"query-input":{"@type":"PropertyValueSpecification","valueRequired":true,"valueName":"search_term_string"}}],"inLanguage":"da-DK"},{"@type":"Organization","@id":"https:\/\/v-h-g.dk\/vhg-veteran\/#organization","name":"VHG Veteran","url":"https:\/\/v-h-g.dk\/vhg-veteran\/","logo":{"@type":"ImageObject","inLanguage":"da-DK","@id":"https:\/\/v-h-g.dk\/vhg-veteran\/#\/schema\/logo\/image\/","url":"https:\/\/v-h-g.dk\/vhg-veteran\/wp-content\/uploads\/sites\/11\/2024\/06\/logo.png","contentUrl":"https:\/\/v-h-g.dk\/vhg-veteran\/wp-content\/uploads\/sites\/11\/2024\/06\/logo.png","width":110,"height":126,"caption":"VHG Veteran"},"image":{"@id":"https:\/\/v-h-g.dk\/vhg-veteran\/#\/schema\/logo\/image\/"}}]}},"_links":{"self":[{"href":"https:\/\/v-h-g.dk\/vhg-veteran\/wp-json\/wp\/v2\/pages\/2","targetHints":{"allow":["GET"]}}],"collection":[{"href":"https:\/\/v-h-g.dk\/vhg-veteran\/wp-json\/wp\/v2\/pages"}],"about":[{"href":"https:\/\/v-h-g.dk\/vhg-veteran\/wp-json\/wp\/v2\/types\/page"}],"author":[{"embeddable":true,"href":"https:\/\/v-h-g.dk\/vhg-veteran\/wp-json\/wp\/v2\/users\/1"}],"replies":[{"embeddable":true,"href":"https:\/\/v-h-g.dk\/vhg-veteran\/wp-json\/wp\/v2\/comments?post=2"}],"version-history":[{"count":26,"href":"https:\/\/v-h-g.dk\/vhg-veteran\/wp-json\/wp\/v2\/pages\/2\/revisions"}],"predecessor-version":[{"id":195,"href":"https:\/\/v-h-g.dk\/vhg-veteran\/wp-json\/wp\/v2\/pages\/2\/revisions\/195"}],"wp:attachment":[{"href":"https:\/\/v-h-g.dk\/vhg-veteran\/wp-json\/wp\/v2\/media?parent=2"}],"curies":[{"name":"wp","href":"https:\/\/api.w.org\/{rel}","templated":true}]}}